{"id":27511,"date":"2026-04-26T17:46:29","date_gmt":"2026-04-26T17:46:29","guid":{"rendered":"https:\/\/www.feyri.com.tr\/?post_type=product&#038;p=27511"},"modified":"2026-04-26T17:50:52","modified_gmt":"2026-04-26T17:50:52","slug":"feyri-nano-temizleyici-orkide-hali-parfumu","status":"publish","type":"product","link":"https:\/\/www.feyri.com.tr\/index.php\/urun\/feyri-nano-temizleyici-orkide-hali-parfumu\/","title":{"rendered":"Feyri Nano Temizleyici Orkide Hal\u0131 Parf\u00fcm\u00fc"},"content":{"rendered":"<p data-start=\"112\" data-end=\"351\">Feyri Orkide Hal\u0131 Parf\u00fcm\u00fc, ya\u015fam alanlar\u0131n\u0131za uzun s\u00fcre kal\u0131c\u0131 ferahl\u0131k kazand\u0131rmak i\u00e7in \u00f6zel olarak geli\u015ftirilmi\u015ftir. Orkide esintisinden ilham alan ho\u015f ve zarif kokusu sayesinde hal\u0131, koltuk ve kuma\u015f y\u00fczeylerde etkili bir tazelik sa\u011flar.<\/p>\n<p data-start=\"353\" data-end=\"642\">G\u00fc\u00e7l\u00fc form\u00fcl\u00fc ile k\u00f6t\u00fc kokular\u0131 an\u0131nda giderir, bulundu\u011fu ortama ferah ve temiz bir hava kazand\u0131r\u0131r. Uygulamas\u0131 olduk\u00e7a pratiktir; y\u00fczeye p\u00fcsk\u00fcrt\u00fclerek kullan\u0131l\u0131r ve k\u0131sa s\u00fcrede etkisini g\u00f6sterir. G\u00fcnl\u00fck kullan\u0131m i\u00e7in ideal olan bu \u00fcr\u00fcn, evinizde her zaman temiz ve ho\u015f bir koku olu\u015fturur.<\/p>\n<p data-start=\"644\" data-end=\"766\">Feyri Orkide Hal\u0131 Parf\u00fcm\u00fc, kal\u0131c\u0131 kokusu ve etkili performans\u0131 ile ya\u015fam alanlar\u0131n\u0131z\u0131 daha konforlu ve ferah hale getirir.<\/p>\n","protected":false},"excerpt":{"rendered":"<p>Feyri Orkide Hal\u0131 Parf\u00fcm\u00fc, ya\u015fam alanlar\u0131n\u0131za uzun s\u00fcre kal\u0131c\u0131 ferahl\u0131k kazand\u0131rmak i\u00e7in \u00f6zel olarak geli\u015ftirilmi\u015ftir. Orkide esintisinden ilham alan ho\u015f<\/p>\n","protected":false},"featured_media":27519,"comment_status":"open","ping_status":"closed","template":"","meta":[],"product_brand":[],"product_cat":[81],"product_tag":[],"class_list":{"0":"post-27511","1":"product","2":"type-product","3":"status-publish","4":"has-post-thumbnail","6":"product_cat-feyrii-nano","8":"first","9":"instock","10":"shipping-taxable","11":"purchasable","12":"product-type-variable"},"_links":{"self":[{"href":"https:\/\/www.feyri.com.tr\/index.php\/wp-json\/wp\/v2\/product\/27511","targetHints":{"allow":["GET"]}}],"collection":[{"href":"https:\/\/www.feyri.com.tr\/index.php\/wp-json\/wp\/v2\/product"}],"about":[{"href":"https:\/\/www.feyri.com.tr\/index.php\/wp-json\/wp\/v2\/types\/product"}],"replies":[{"embeddable":true,"href":"https:\/\/www.feyri.com.tr\/index.php\/wp-json\/wp\/v2\/comments?post=27511"}],"version-history":[{"count":2,"href":"https:\/\/www.feyri.com.tr\/index.php\/wp-json\/wp\/v2\/product\/27511\/revisions"}],"predecessor-version":[{"id":27521,"href":"https:\/\/www.feyri.com.tr\/index.php\/wp-json\/wp\/v2\/product\/27511\/revisions\/27521"}],"wp:featuredmedia":[{"embeddable":true,"href":"https:\/\/www.feyri.com.tr\/index.php\/wp-json\/wp\/v2\/media\/27519"}],"wp:attachment":[{"href":"https:\/\/www.feyri.com.tr\/index.php\/wp-json\/wp\/v2\/media?parent=27511"}],"wp:term":[{"taxonomy":"product_brand","embeddable":true,"href":"https:\/\/www.feyri.com.tr\/index.php\/wp-json\/wp\/v2\/product_brand?post=27511"},{"taxonomy":"product_cat","embeddable":true,"href":"https:\/\/www.feyri.com.tr\/index.php\/wp-json\/wp\/v2\/product_cat?post=27511"},{"taxonomy":"product_tag","embeddable":true,"href":"https:\/\/www.feyri.com.tr\/index.php\/wp-json\/wp\/v2\/product_tag?post=27511"}],"curies":[{"name":"wp","href":"https:\/\/api.w.org\/{rel}","templated":true}]}}