{"id":27417,"date":"2026-04-26T16:02:07","date_gmt":"2026-04-26T16:02:07","guid":{"rendered":"https:\/\/www.feyri.com.tr\/?post_type=product&#038;p=27417"},"modified":"2026-04-26T16:10:19","modified_gmt":"2026-04-26T16:10:19","slug":"feyri-nano-temizleyici-mutfak-yuzey-temizleyici-kopya","status":"publish","type":"product","link":"https:\/\/www.feyri.com.tr\/index.php\/urun\/feyri-nano-temizleyici-mutfak-yuzey-temizleyici-kopya\/","title":{"rendered":"Feyri Nano Temizleyici M\u00fcrekkep \u0130lac\u0131"},"content":{"rendered":"<p data-start=\"131\" data-end=\"442\">Feyri M\u00fcrekkep \u0130lac\u0131, m\u00fcrekkep, kalem ve boya kaynakl\u0131 zorlu lekeleri y\u00fczeylerden etkili \u015fekilde \u00e7\u0131karmak i\u00e7in \u00f6zel olarak geli\u015ftirilmi\u015f g\u00fc\u00e7l\u00fc bir temizleyicidir. Kuma\u015f, koltuk, hal\u0131, plastik ve sert y\u00fczeylerde olu\u015fan m\u00fcrekkep lekelerine derinlemesine n\u00fcfuz ederek kal\u0131nt\u0131lar\u0131 \u00e7\u00f6zer ve temiz bir g\u00f6r\u00fcn\u00fcm sa\u011flar.<\/p>\n<p data-start=\"444\" data-end=\"692\">\u00d6zellikle kalem, yaz\u0131c\u0131 m\u00fcrekkebi ve boya lekelerinde y\u00fcksek performans g\u00f6steren form\u00fcl\u00fc sayesinde lekeleri yaymadan, y\u00fczeye zarar vermeden temizler. Pratik kullan\u0131m\u0131 ile lekeli b\u00f6lgeye uygulan\u0131r, k\u0131sa s\u00fcre beklenir ve silinerek kolayca temizlenir.<\/p>\n<p data-start=\"694\" data-end=\"884\">Feyri M\u00fcrekkep \u0130lac\u0131, zor \u00e7\u0131kan lekeler i\u00e7in h\u0131zl\u0131 ve etkili \u00e7\u00f6z\u00fcm sunarken y\u00fczeyin dokusunu korur ve g\u00fcvenli kullan\u0131m sa\u011flar. Ev, ofis ve ara\u00e7 i\u00e7i kullan\u0131m i\u00e7in ideal bir temizlik \u00fcr\u00fcn\u00fcd\u00fcr.<\/p>\n","protected":false},"excerpt":{"rendered":"<p>Feyri M\u00fcrekkep \u0130lac\u0131, m\u00fcrekkep, kalem ve boya kaynakl\u0131 zorlu lekeleri y\u00fczeylerden etkili \u015fekilde \u00e7\u0131karmak i\u00e7in \u00f6zel olarak geli\u015ftirilmi\u015f g\u00fc\u00e7l\u00fc bir<\/p>\n","protected":false},"featured_media":27475,"comment_status":"open","ping_status":"closed","template":"","meta":[],"product_brand":[],"product_cat":[81],"product_tag":[],"class_list":{"0":"post-27417","1":"product","2":"type-product","3":"status-publish","4":"has-post-thumbnail","6":"product_cat-feyrii-nano","8":"first","9":"instock","10":"shipping-taxable","11":"purchasable","12":"product-type-variable"},"_links":{"self":[{"href":"https:\/\/www.feyri.com.tr\/index.php\/wp-json\/wp\/v2\/product\/27417","targetHints":{"allow":["GET"]}}],"collection":[{"href":"https:\/\/www.feyri.com.tr\/index.php\/wp-json\/wp\/v2\/product"}],"about":[{"href":"https:\/\/www.feyri.com.tr\/index.php\/wp-json\/wp\/v2\/types\/product"}],"replies":[{"embeddable":true,"href":"https:\/\/www.feyri.com.tr\/index.php\/wp-json\/wp\/v2\/comments?post=27417"}],"version-history":[{"count":2,"href":"https:\/\/www.feyri.com.tr\/index.php\/wp-json\/wp\/v2\/product\/27417\/revisions"}],"predecessor-version":[{"id":27477,"href":"https:\/\/www.feyri.com.tr\/index.php\/wp-json\/wp\/v2\/product\/27417\/revisions\/27477"}],"wp:featuredmedia":[{"embeddable":true,"href":"https:\/\/www.feyri.com.tr\/index.php\/wp-json\/wp\/v2\/media\/27475"}],"wp:attachment":[{"href":"https:\/\/www.feyri.com.tr\/index.php\/wp-json\/wp\/v2\/media?parent=27417"}],"wp:term":[{"taxonomy":"product_brand","embeddable":true,"href":"https:\/\/www.feyri.com.tr\/index.php\/wp-json\/wp\/v2\/product_brand?post=27417"},{"taxonomy":"product_cat","embeddable":true,"href":"https:\/\/www.feyri.com.tr\/index.php\/wp-json\/wp\/v2\/product_cat?post=27417"},{"taxonomy":"product_tag","embeddable":true,"href":"https:\/\/www.feyri.com.tr\/index.php\/wp-json\/wp\/v2\/product_tag?post=27417"}],"curies":[{"name":"wp","href":"https:\/\/api.w.org\/{rel}","templated":true}]}}