{"id":27364,"date":"2026-04-25T11:35:43","date_gmt":"2026-04-25T11:35:43","guid":{"rendered":"https:\/\/www.feyri.com.tr\/?post_type=product&#038;p=27364"},"modified":"2026-04-25T16:02:31","modified_gmt":"2026-04-25T16:02:31","slug":"feyri-nano-temizleyici-fayans-ve-derz-arasi-leke-cikarici","status":"publish","type":"product","link":"https:\/\/www.feyri.com.tr\/index.php\/urun\/feyri-nano-temizleyici-fayans-ve-derz-arasi-leke-cikarici\/","title":{"rendered":"Feyri Nano Temizleyici Fayans ve Derz Aras\u0131 Leke \u00c7\u0131kar\u0131c\u0131"},"content":{"rendered":"<p data-start=\"126\" data-end=\"467\">Feyri Fayans &amp; Derz Aras\u0131 Leke \u00c7\u0131kar\u0131c\u0131, banyo, mutfak ve t\u00fcm seramik y\u00fczeylerde olu\u015fan kir, kire\u00e7 ve inat\u00e7\u0131 lekeleri etkili \u015fekilde temizlemek i\u00e7in \u00f6zel olarak geli\u015ftirilmi\u015ftir. G\u00fc\u00e7l\u00fc form\u00fcl\u00fc sayesinde fayans y\u00fczeylerdeki mat g\u00f6r\u00fcn\u00fcm\u00fc giderir, derz aralar\u0131nda biriken kirleri derinlemesine \u00e7\u00f6zer ve ilk g\u00fcnk\u00fc temiz g\u00f6r\u00fcn\u00fcm\u00fc geri kazand\u0131r\u0131r.<\/p>\n<p data-start=\"469\" data-end=\"684\">Kolay uygulanabilen sprey formu sayesinde y\u00fczeye p\u00fcsk\u00fcrt\u00fcl\u00fcr, k\u0131sa s\u00fcre beklenir ve silinerek etkili sonu\u00e7 al\u0131n\u0131r. D\u00fczenli kullan\u0131mda kararma ve lekelenmeleri \u00f6nler, y\u00fczeylerde hijyenik ve parlak bir g\u00f6r\u00fcn\u00fcm sa\u011flar.<\/p>\n<p data-start=\"686\" data-end=\"814\">Ev temizli\u011finde pratik ve g\u00fc\u00e7l\u00fc bir \u00e7\u00f6z\u00fcm arayanlar i\u00e7in ideal olan Feyri Fayans Temizleyici, zahmetsiz temizlik deneyimi sunar.<\/p>\n","protected":false},"excerpt":{"rendered":"<p>Feyri Fayans &amp; Derz Aras\u0131 Leke \u00c7\u0131kar\u0131c\u0131, banyo, mutfak ve t\u00fcm seramik y\u00fczeylerde olu\u015fan kir, kire\u00e7 ve inat\u00e7\u0131 lekeleri etkili<\/p>\n","protected":false},"featured_media":27373,"comment_status":"open","ping_status":"closed","template":"","meta":[],"product_brand":[],"product_cat":[81],"product_tag":[],"class_list":{"0":"post-27364","1":"product","2":"type-product","3":"status-publish","4":"has-post-thumbnail","6":"product_cat-feyrii-nano","8":"first","9":"instock","10":"sale","11":"shipping-taxable","12":"purchasable","13":"product-type-variable"},"_links":{"self":[{"href":"https:\/\/www.feyri.com.tr\/index.php\/wp-json\/wp\/v2\/product\/27364","targetHints":{"allow":["GET"]}}],"collection":[{"href":"https:\/\/www.feyri.com.tr\/index.php\/wp-json\/wp\/v2\/product"}],"about":[{"href":"https:\/\/www.feyri.com.tr\/index.php\/wp-json\/wp\/v2\/types\/product"}],"replies":[{"embeddable":true,"href":"https:\/\/www.feyri.com.tr\/index.php\/wp-json\/wp\/v2\/comments?post=27364"}],"version-history":[{"count":1,"href":"https:\/\/www.feyri.com.tr\/index.php\/wp-json\/wp\/v2\/product\/27364\/revisions"}],"predecessor-version":[{"id":27374,"href":"https:\/\/www.feyri.com.tr\/index.php\/wp-json\/wp\/v2\/product\/27364\/revisions\/27374"}],"wp:featuredmedia":[{"embeddable":true,"href":"https:\/\/www.feyri.com.tr\/index.php\/wp-json\/wp\/v2\/media\/27373"}],"wp:attachment":[{"href":"https:\/\/www.feyri.com.tr\/index.php\/wp-json\/wp\/v2\/media?parent=27364"}],"wp:term":[{"taxonomy":"product_brand","embeddable":true,"href":"https:\/\/www.feyri.com.tr\/index.php\/wp-json\/wp\/v2\/product_brand?post=27364"},{"taxonomy":"product_cat","embeddable":true,"href":"https:\/\/www.feyri.com.tr\/index.php\/wp-json\/wp\/v2\/product_cat?post=27364"},{"taxonomy":"product_tag","embeddable":true,"href":"https:\/\/www.feyri.com.tr\/index.php\/wp-json\/wp\/v2\/product_tag?post=27364"}],"curies":[{"name":"wp","href":"https:\/\/api.w.org\/{rel}","templated":true}]}}