{"id":27353,"date":"2026-04-25T11:32:21","date_gmt":"2026-04-25T11:32:21","guid":{"rendered":"https:\/\/www.feyri.com.tr\/?post_type=product&#038;p=27353"},"modified":"2026-04-25T16:02:33","modified_gmt":"2026-04-25T16:02:33","slug":"feyri-nano-temizleyici","status":"publish","type":"product","link":"https:\/\/www.feyri.com.tr\/index.php\/urun\/feyri-nano-temizleyici\/","title":{"rendered":"Feyri Nano Temizleyici"},"content":{"rendered":"<p data-start=\"152\" data-end=\"399\">Feyri Nano Leke \u00c7\u0131kar\u0131c\u0131 Sprey, zorlu lekelerle etkili \u015fekilde m\u00fccadele eden g\u00fc\u00e7l\u00fc form\u00fcl\u00fc sayesinde koltuk, hal\u0131, perde ve farkl\u0131 kuma\u015f y\u00fczeylerde derinlemesine temizlik sa\u011flar. Y\u00fczeye zarar vermeden kiri \u00e7\u00f6zer, hijyenik ve ferah bir sonu\u00e7 sunar.<\/p>\n<p data-start=\"401\" data-end=\"602\">G\u00fcnl\u00fck kullan\u0131m i\u00e7in ideal olan bu \u00fcr\u00fcn, pratik sprey ba\u015fl\u0131\u011f\u0131 ile kolay uygulan\u0131r ve k\u0131sa s\u00fcrede etkisini g\u00f6sterir. Nano teknolojili yap\u0131s\u0131 sayesinde lekelere h\u0131zl\u0131 n\u00fcfuz ederek kal\u0131c\u0131 temizlik sa\u011flar.<\/p>\n<p data-start=\"604\" data-end=\"744\">Geni\u015f kullan\u0131m alan\u0131 ve uzun s\u00fcreli kullan\u0131m avantaj\u0131 sunan Feyri Nano, ev temizli\u011finde g\u00fcvenle tercih edebilece\u011finiz g\u00fc\u00e7l\u00fc bir yard\u0131mc\u0131d\u0131r.<\/p>\n","protected":false},"excerpt":{"rendered":"<p>Feyri Nano Leke \u00c7\u0131kar\u0131c\u0131 Sprey, zorlu lekelerle etkili \u015fekilde m\u00fccadele eden g\u00fc\u00e7l\u00fc form\u00fcl\u00fc sayesinde koltuk, hal\u0131, perde ve farkl\u0131 kuma\u015f<\/p>\n","protected":false},"featured_media":27354,"comment_status":"open","ping_status":"closed","template":"","meta":[],"product_brand":[],"product_cat":[81],"product_tag":[],"class_list":{"0":"post-27353","1":"product","2":"type-product","3":"status-publish","4":"has-post-thumbnail","6":"product_cat-feyrii-nano","8":"first","9":"instock","10":"sale","11":"shipping-taxable","12":"purchasable","13":"product-type-variable"},"_links":{"self":[{"href":"https:\/\/www.feyri.com.tr\/index.php\/wp-json\/wp\/v2\/product\/27353","targetHints":{"allow":["GET"]}}],"collection":[{"href":"https:\/\/www.feyri.com.tr\/index.php\/wp-json\/wp\/v2\/product"}],"about":[{"href":"https:\/\/www.feyri.com.tr\/index.php\/wp-json\/wp\/v2\/types\/product"}],"replies":[{"embeddable":true,"href":"https:\/\/www.feyri.com.tr\/index.php\/wp-json\/wp\/v2\/comments?post=27353"}],"version-history":[{"count":1,"href":"https:\/\/www.feyri.com.tr\/index.php\/wp-json\/wp\/v2\/product\/27353\/revisions"}],"predecessor-version":[{"id":27363,"href":"https:\/\/www.feyri.com.tr\/index.php\/wp-json\/wp\/v2\/product\/27353\/revisions\/27363"}],"wp:featuredmedia":[{"embeddable":true,"href":"https:\/\/www.feyri.com.tr\/index.php\/wp-json\/wp\/v2\/media\/27354"}],"wp:attachment":[{"href":"https:\/\/www.feyri.com.tr\/index.php\/wp-json\/wp\/v2\/media?parent=27353"}],"wp:term":[{"taxonomy":"product_brand","embeddable":true,"href":"https:\/\/www.feyri.com.tr\/index.php\/wp-json\/wp\/v2\/product_brand?post=27353"},{"taxonomy":"product_cat","embeddable":true,"href":"https:\/\/www.feyri.com.tr\/index.php\/wp-json\/wp\/v2\/product_cat?post=27353"},{"taxonomy":"product_tag","embeddable":true,"href":"https:\/\/www.feyri.com.tr\/index.php\/wp-json\/wp\/v2\/product_tag?post=27353"}],"curies":[{"name":"wp","href":"https:\/\/api.w.org\/{rel}","templated":true}]}}