{"id":4400,"date":"2021-10-12T15:51:09","date_gmt":"2021-10-12T15:51:09","guid":{"rendered":"http:\/\/dummy.xtemos.com\/woodmart2\/elementor\/?page_id=4400"},"modified":"2026-04-24T11:29:17","modified_gmt":"2026-04-24T11:29:17","slug":"about-us-3","status":"publish","type":"page","link":"https:\/\/www.feyri.com.tr\/index.php\/about-us-3\/","title":{"rendered":"About us"},"content":{"rendered":"\t\t<div data-elementor-type=\"wp-page\" data-elementor-id=\"4400\" class=\"elementor elementor-4400\" data-elementor-post-type=\"page\">\n\t\t\t\t<div class=\"wd-negative-gap elementor-element elementor-element-1c90c3f wd-section-stretch e-flex e-con-boxed e-con e-parent\" data-id=\"1c90c3f\" data-element_type=\"container\" data-e-type=\"container\" data-settings=\"{&quot;background_background&quot;:&quot;classic&quot;}\">\n\t\t\t\t\t<div class=\"e-con-inner\">\n\t\t\t\t<div class=\"elementor-element elementor-element-5d57672 elementor-widget__width-initial elementor-widget-tablet__width-inherit wd-width-100 elementor-widget elementor-widget-wd_title\" data-id=\"5d57672\" data-element_type=\"widget\" data-e-type=\"widget\" data-widget_type=\"wd_title.default\">\n\t\t\t\t<div class=\"elementor-widget-container\">\n\t\t\t\t\t\t\t<div class=\"title-wrapper set-mb-s reset-last-child wd-title-color-primary wd-title-style-default wd-title-size-large text-left\">\n\n\t\t\t\t\t\t\t<div class=\"title-subtitle subtitle-color-primary subtitle-style-default wd-fontsize-xs\">\n\t\t\t\t\tFeyri Nano Temizleyici\t\t\t\t<\/div>\n\t\t\t\n\t\t\t<div class=\"liner-continer\">\n\t\t\t\t<h4 class=\"woodmart-title-container title wd-fontsize-xxl\">Feyri, g\u00fc\u00e7l\u00fc ve g\u00fcvenli temizlik \u00e7\u00f6z\u00fcmleri sunarak ya\u015fam\u0131 kolayla\u015ft\u0131rmay\u0131 hedefler; yenilik\u00e7i yakla\u015f\u0131m\u0131yla sekt\u00f6rde g\u00fcvenilir bir marka olmay\u0131 ama\u00e7lar.<\/h4> \n\t\t\t\t\t\t\t<\/div>\n\n\t\t\t\t\t<\/div>\n\t\t\t\t\t\t<\/div>\n\t\t\t\t<\/div>\n\t\t\t\t<div class=\"elementor-element elementor-element-9c05225 elementor-widget__width-initial elementor-widget elementor-widget-wd_infobox\" data-id=\"9c05225\" data-element_type=\"widget\" data-e-type=\"widget\" data-widget_type=\"wd_infobox.default\">\n\t\t\t\t<div class=\"elementor-widget-container\">\n\t\t\t\t\t\t\t<div class=\"info-box-wrapper\">\n\t\t\t<div class=\"wd-info-box text-left box-icon-align-top box-style-base color-scheme-\">\n\t\t\t\t\n\t\t\t\t<div class=\"info-box-content\">\n\t\t\t\t\t\n\t\t\t\t\t\t\t\t\t\t\t<h4\t\t\t\t\t\tclass=\"info-box-title title box-title-style-default wd-fontsize-m\" data-elementor-setting-key=\"title\">\n\t\t\t\t\t\t\t\tMisyon\t\t\t\t\t\t<\/h4>\n\t\t\t\t\t\n\t\t\t\t\t<div class=\"info-box-inner set-cont-mb-s reset-last-child\"data-elementor-setting-key=\"content\"><p data-start=\"81\" data-end=\"206\">Feyri olarak misyonumuz; kullan\u0131c\u0131lar\u0131m\u0131za g\u00fc\u00e7l\u00fc, etkili ve g\u00fcvenli temizlik \u00e7\u00f6z\u00fcmleri sunarak g\u00fcnl\u00fck ya\u015fam\u0131 kolayla\u015ft\u0131rmak ve hijyen standartlar\u0131n\u0131 en \u00fcst seviyeye ta\u015f\u0131makt\u0131r. Geli\u015ftirdi\u011fimiz \u00fcr\u00fcnlerde kalite, pratiklik ve kullan\u0131c\u0131 memnuniyetini \u00f6n planda tutarak, her y\u00fczeyde maksimum performans sa\u011flayan \u00e7\u00f6z\u00fcmler \u00fcretmeyi hedefliyoruz.<\/p>\n<\/div>\n\n\t\t\t\t\t\t\t\t\t<\/div>\n\n\t\t\t\t\t\t\t\t\t<a href=\"#\" class=\"wd-info-box-link wd-fill\" aria-label=\"Infobox link\"><\/a>\n\t\t\t\t\t\t\t<\/div>\n\t\t<\/div>\n\t\t\t\t\t\t<\/div>\n\t\t\t\t<\/div>\n\t\t\t\t<div class=\"elementor-element elementor-element-ec30bde elementor-widget__width-initial elementor-widget elementor-widget-wd_infobox\" data-id=\"ec30bde\" data-element_type=\"widget\" data-e-type=\"widget\" data-widget_type=\"wd_infobox.default\">\n\t\t\t\t<div class=\"elementor-widget-container\">\n\t\t\t\t\t\t\t<div class=\"info-box-wrapper\">\n\t\t\t<div class=\"wd-info-box text-left box-icon-align-top box-style-base color-scheme- with-btn box-btn-static\">\n\t\t\t\t\n\t\t\t\t<div class=\"info-box-content\">\n\t\t\t\t\t\n\t\t\t\t\t\t\t\t\t\t\t<h4\t\t\t\t\t\tclass=\"info-box-title title box-title-style-default wd-fontsize-m\" data-elementor-setting-key=\"title\">\n\t\t\t\t\t\t\t\tVizyon\t\t\t\t\t\t<\/h4>\n\t\t\t\t\t\n\t\t\t\t\t<div class=\"info-box-inner set-cont-mb-s reset-last-child\"data-elementor-setting-key=\"content\"><p data-start=\"476\" data-end=\"799\">Vizyonumuz; temizlik \u00fcr\u00fcnleri sekt\u00f6r\u00fcnde yenilik\u00e7i yakla\u015f\u0131m\u0131, kaliteli \u00fcr\u00fcnleri ve g\u00fcvenilir marka alg\u0131s\u0131yla \u00f6ne \u00e7\u0131kan, hem yerel hem global pazarda tercih edilen lider markalardan biri olmakt\u0131r. Teknolojiyi ve kullan\u0131c\u0131 ihtiya\u00e7lar\u0131n\u0131 yak\u0131ndan takip ederek s\u00fcrekli geli\u015fen ve sekt\u00f6re y\u00f6n veren bir marka olmay\u0131 ama\u00e7l\u0131yoruz.<\/p>\n<\/div>\n\n\t\t\t\t\t\t\t\t\t\t\t<div class=\"info-btn-wrapper\">\n\t\t\t\t\t\t\t\t\t<div class=\"wd-button-wrapper text-left\" >\n\t\t\t<a class=\"btn btn-style-link btn-style- btn-size-small btn-color-primary btn-icon-pos-right\"  href=\"#\">\n\t\t\t\t<span class=\"wd-btn-text\" data-elementor-setting-key=\"text\">\n\t\t\t\t\tRead more\t\t\t\t<\/span>\n\n\t\t\t\t\t\t\t<\/a>\n\t\t<\/div>\n\t\t\t\t\t\t\t\t<\/div>\n\t\t\t\t\t\t\t\t\t<\/div>\n\n\t\t\t\t\t\t\t<\/div>\n\t\t<\/div>\n\t\t\t\t\t\t<\/div>\n\t\t\t\t<\/div>\n\t\t\t\t\t<\/div>\n\t\t\t\t<\/div>\n\t\t<div class=\"wd-negative-gap elementor-element elementor-element-7c7c544 e-grid e-con-boxed e-con e-parent\" data-id=\"7c7c544\" data-element_type=\"container\" data-e-type=\"container\">\n\t\t\t\t\t<div class=\"e-con-inner\">\n\t\t<div class=\"elementor-element elementor-element-97d6084 e-con-full e-flex e-con e-child\" data-id=\"97d6084\" data-element_type=\"container\" data-e-type=\"container\">\n\t\t\t\t<div class=\"elementor-element elementor-element-98d830b elementor-widget__width-initial wd-width-100 elementor-widget elementor-widget-wd_title\" data-id=\"98d830b\" data-element_type=\"widget\" data-e-type=\"widget\" data-widget_type=\"wd_title.default\">\n\t\t\t\t<div class=\"elementor-widget-container\">\n\t\t\t\t\t\t\t<div class=\"title-wrapper set-mb-s reset-last-child wd-title-color-primary wd-title-style-default wd-title-size-large text-left\">\n\n\t\t\t\t\t\t\t<div class=\"title-subtitle subtitle-color-primary subtitle-style-default wd-fontsize-xs\">\n\t\t\t\t\tFeyri Nano Temizleyici\t\t\t\t<\/div>\n\t\t\t\n\t\t\t<div class=\"liner-continer\">\n\t\t\t\t<h4 class=\"woodmart-title-container title wd-fontsize-xxl\">Feyri Kurucusu Y\u00fccel Yarba Kimdir<\/h4> \n\t\t\t\t\t\t\t<\/div>\n\n\t\t\t\t\t<\/div>\n\t\t\t\t\t\t<\/div>\n\t\t\t\t<\/div>\n\t\t\t\t<div class=\"elementor-element elementor-element-66e47ad elementor-widget elementor-widget-wd_text_block\" data-id=\"66e47ad\" data-element_type=\"widget\" data-e-type=\"widget\" data-widget_type=\"wd_text_block.default\">\n\t\t\t\t<div class=\"elementor-widget-container\">\n\t\t\t\t\t\t\t<div class=\"wd-text-block reset-last-child text-left\">\n\t\t\t\n\t\t\t<p>Y\u00fccel Yarba, 21 Eyl\u00fcl 1976'da Kars'\u0131n Arpa\u00e7ay il\u00e7esinde do\u011fmu\u015ftur. 1986 y\u0131l\u0131nda \u0130stanbul'a ta\u015f\u0131nm\u0131\u015f ve lise e\u011fitimini burada tamamlad\u0131ktan sonra iki y\u0131ll\u0131k A\u00e7\u0131k\u00f6\u011fretim Pazarlama B\u00f6l\u00fcm\u00fc'nde e\u011fitim alm\u0131\u015ft\u0131r.<\/p><p>1993 y\u0131l\u0131nda \"Karsan End\u00fcstriyel\" ad\u0131n\u0131 verdi\u011fi \u015firketi kurarak mutfak ara\u00e7 gere\u00e7lerinin al\u0131m sat\u0131m\u0131n\u0131 yapmaya ba\u015flam\u0131\u015ft\u0131r. Bu d\u00f6nemde Y\u00fccel Yarba, sekt\u00f6rde aktif olarak faaliyet g\u00f6stermi\u015f ve 2000 y\u0131l\u0131na kadar mutfak ara\u00e7 ve gere\u00e7lerinin sat\u0131\u015f\u0131na devam etmi\u015ftir.<\/p><p>2000 y\u0131l\u0131nda Karsan markas\u0131 alt\u0131nda Yumo\u015f adl\u0131 uyku seti ve nevresim tak\u0131mlar\u0131 \u00fcretimine ba\u015flam\u0131\u015f, ayn\u0131 zamanda medikal sekt\u00f6r\u00fcne girerek bu alandaki ithalat ve sat\u0131\u015f-pazarlama faaliyetlerini y\u00fcr\u00fctm\u00fc\u015ft\u00fcr. Ayr\u0131ca, Fakerler marka elektrik tasarruf cihazlar\u0131n\u0131n imalat\u0131n\u0131 ve sat\u0131\u015f\u0131n\u0131 ger\u00e7ekle\u015ftirmi\u015ftir. Sensitive marka di\u015f macununun ana distrib\u00fct\u00f6rl\u00fc\u011f\u00fcn\u00fc \u00fcstlenmi\u015f ve in\u015faat, otomotiv al\u0131m sat\u0131m\u0131 ve hayvanc\u0131l\u0131k sekt\u00f6rlerinde de faaliyet g\u00f6stermi\u015ftir. 2000-2020 y\u0131llar\u0131 aras\u0131nda, giri\u015fimcilik ruhuyla bir\u00e7ok sekt\u00f6rde farkl\u0131 i\u015f kollar\u0131n\u0131 ba\u015far\u0131yla y\u00f6netmi\u015ftir.<\/p><p>2020 y\u0131l\u0131nda T\u00fcrkiye'de bir ilke imza atarak \u00e7ok ama\u00e7l\u0131 ve \u00e7ok \u00f6zellikli \"Feyri\" isim tescilini alm\u0131\u015ft\u0131r. Bu marka alt\u0131nda leke \u00e7\u0131kar\u0131c\u0131 \u00fcr\u00fcnlerin \u00fcretimine ba\u015flam\u0131\u015f, ard\u0131ndan bu \u00fcr\u00fcnlerin sat\u0131\u015f ve pazarlama faaliyetlerini y\u00fcr\u00fctm\u00fc\u015ft\u00fcr. G\u00fcn\u00fcm\u00fczde Y\u00fccel Yarba, deterjan ve parf\u00fcm \u00e7e\u015fitlerinin \u00fcretimini ger\u00e7ekle\u015ftirmekte, bu \u00fcr\u00fcnlerin toptan ve perakende sat\u0131\u015flar\u0131n\u0131 ba\u015far\u0131yla s\u00fcrd\u00fcrmektedir.<\/p>\n\t\t\t\t\t<\/div>\n\t\t\t\t\t\t<\/div>\n\t\t\t\t<\/div>\n\t\t\t\t<\/div>\n\t\t\t\t\t<\/div>\n\t\t\t\t<\/div>\n\t\t\t\t<\/div>\n\t\t","protected":false},"excerpt":{"rendered":"<p>Feyri Nano Temizleyici Feyri, g\u00fc\u00e7l\u00fc ve g\u00fcvenli temizlik \u00e7\u00f6z\u00fcmleri sunarak ya\u015fam\u0131 kolayla\u015ft\u0131rmay\u0131 hedefler; yenilik\u00e7i yakla\u015f\u0131m\u0131yla sekt\u00f6rde g\u00fcvenilir bir marka olmay\u0131<\/p>\n","protected":false},"author":1,"featured_media":0,"parent":0,"menu_order":0,"comment_status":"closed","ping_status":"closed","template":"","meta":{"footnotes":""},"class_list":["post-4400","page","type-page","status-publish","hentry"],"_links":{"self":[{"href":"https:\/\/www.feyri.com.tr\/index.php\/wp-json\/wp\/v2\/pages\/4400","targetHints":{"allow":["GET"]}}],"collection":[{"href":"https:\/\/www.feyri.com.tr\/index.php\/wp-json\/wp\/v2\/pages"}],"about":[{"href":"https:\/\/www.feyri.com.tr\/index.php\/wp-json\/wp\/v2\/types\/page"}],"author":[{"embeddable":true,"href":"https:\/\/www.feyri.com.tr\/index.php\/wp-json\/wp\/v2\/users\/1"}],"replies":[{"embeddable":true,"href":"https:\/\/www.feyri.com.tr\/index.php\/wp-json\/wp\/v2\/comments?post=4400"}],"version-history":[{"count":3,"href":"https:\/\/www.feyri.com.tr\/index.php\/wp-json\/wp\/v2\/pages\/4400\/revisions"}],"predecessor-version":[{"id":27347,"href":"https:\/\/www.feyri.com.tr\/index.php\/wp-json\/wp\/v2\/pages\/4400\/revisions\/27347"}],"wp:attachment":[{"href":"https:\/\/www.feyri.com.tr\/index.php\/wp-json\/wp\/v2\/media?parent=4400"}],"curies":[{"name":"wp","href":"https:\/\/api.w.org\/{rel}","templated":true}]}}